{"id":668,"date":"2026-03-11T02:21:21","date_gmt":"2026-03-11T02:21:21","guid":{"rendered":"https:\/\/promotiosday.com\/?page_id=668"},"modified":"2026-03-11T02:32:44","modified_gmt":"2026-03-11T02:32:44","slug":"ghdrol","status":"publish","type":"page","link":"https:\/\/promotiosday.com\/?page_id=668","title":{"rendered":"GHdrol"},"content":{"rendered":"\t\t<div data-elementor-type=\"wp-page\" data-elementor-id=\"668\" class=\"elementor elementor-668\">\n\t\t\t\t<div class=\"elementor-element elementor-element-3f1b81b9 e-flex e-con-boxed e-con e-parent\" data-id=\"3f1b81b9\" data-element_type=\"container\" data-e-type=\"container\" data-settings=\"{&quot;background_background&quot;:&quot;classic&quot;}\">\n\t\t\t\t\t<div class=\"e-con-inner\">\n\t\t\t\t<div class=\"elementor-element elementor-element-1848015 elementor-widget elementor-widget-heading\" data-id=\"1848015\" data-element_type=\"widget\" data-e-type=\"widget\" data-widget_type=\"heading.default\">\n\t\t\t\t\t<h2 class=\"elementor-heading-title elementor-size-default\">GlucoGen17<\/h2>\t\t\t\t<\/div>\n\t\t<div class=\"elementor-element elementor-element-df67dc7 e-con-full e-flex e-con e-child\" data-id=\"df67dc7\" data-element_type=\"container\" data-e-type=\"container\">\n\t\t\t\t<\/div>\n\t\t\t\t<div class=\"elementor-element elementor-element-c6d0cfa elementor-widget elementor-widget-image\" data-id=\"c6d0cfa\" data-element_type=\"widget\" data-e-type=\"widget\" data-widget_type=\"image.default\">\n\t\t\t\t\t\t\t\t\t\t\t\t\t\t\t<img decoding=\"async\" width=\"262\" height=\"184\" src=\"https:\/\/promotiosday.com\/wp-content\/uploads\/2026\/03\/GHdrol2.webp\" class=\"elementor-animation-bounce-in attachment-large size-large wp-image-672\" alt=\"\" \/>\t\t\t\t\t\t\t\t\t\t\t\t\t\t\t<\/div>\n\t\t\t\t<div class=\"elementor-element elementor-element-45c4d82 elementor-widget__width-initial elementor-absolute elementor-widget elementor-widget-image\" data-id=\"45c4d82\" data-element_type=\"widget\" data-e-type=\"widget\" data-settings=\"{&quot;_position&quot;:&quot;absolute&quot;}\" data-widget_type=\"image.default\">\n\t\t\t\t\t\t\t\t\t\t\t\t\t\t\t<img fetchpriority=\"high\" decoding=\"async\" width=\"1024\" height=\"490\" src=\"https:\/\/promotiosday.com\/wp-content\/uploads\/2026\/03\/Captura-de-tela-de-2026-03-10-22-08-26-1024x490.png\" class=\"attachment-large size-large wp-image-673\" alt=\"\" srcset=\"https:\/\/promotiosday.com\/wp-content\/uploads\/2026\/03\/Captura-de-tela-de-2026-03-10-22-08-26-1024x490.png 1024w, https:\/\/promotiosday.com\/wp-content\/uploads\/2026\/03\/Captura-de-tela-de-2026-03-10-22-08-26-300x143.png 300w, https:\/\/promotiosday.com\/wp-content\/uploads\/2026\/03\/Captura-de-tela-de-2026-03-10-22-08-26-768x367.png 768w, https:\/\/promotiosday.com\/wp-content\/uploads\/2026\/03\/Captura-de-tela-de-2026-03-10-22-08-26.png 1190w\" sizes=\"(max-width: 1024px) 100vw, 1024px\" \/>\t\t\t\t\t\t\t\t\t\t\t\t\t\t\t<\/div>\n\t\t\t\t\t<\/div>\n\t\t\t\t<\/div>\n\t\t<div class=\"elementor-element elementor-element-c8a150b e-flex e-con-boxed e-con e-parent\" data-id=\"c8a150b\" data-element_type=\"container\" data-e-type=\"container\" data-settings=\"{&quot;background_background&quot;:&quot;classic&quot;}\">\n\t\t\t\t\t<div class=\"e-con-inner\">\n\t\t\t\t<div class=\"elementor-element elementor-element-c74baf6 elementor-button-success elementor-widget__width-initial elementor-absolute elementor-widget elementor-widget-button\" data-id=\"c74baf6\" data-element_type=\"widget\" data-e-type=\"widget\" data-settings=\"{&quot;_position&quot;:&quot;absolute&quot;}\" data-widget_type=\"button.default\">\n\t\t\t\t\t\t\t\t\t\t<a class=\"elementor-button elementor-button-link elementor-size-sm\" href=\"https:\/\/app.monetizze.com.br\/r\/ASJ25743874\">\n\t\t\t\t\t\t<span class=\"elementor-button-content-wrapper\">\n\t\t\t\t\t\t\t\t\t<span class=\"elementor-button-text\">Vem pro Site Oficial!!!<\/span>\n\t\t\t\t\t<\/span>\n\t\t\t\t\t<\/a>\n\t\t\t\t\t\t\t\t<\/div>\n\t\t\t\t\t<\/div>\n\t\t\t\t<\/div>\n\t\t<div class=\"elementor-element elementor-element-7d0915d e-flex e-con-boxed e-con e-parent\" data-id=\"7d0915d\" data-element_type=\"container\" data-e-type=\"container\" data-settings=\"{&quot;background_background&quot;:&quot;classic&quot;}\">\n\t\t\t\t\t<div class=\"e-con-inner\">\n\t\t\t\t\t<\/div>\n\t\t\t\t<\/div>\n\t\t<div class=\"elementor-element elementor-element-832aa91 e-flex e-con-boxed e-con e-parent\" data-id=\"832aa91\" data-element_type=\"container\" data-e-type=\"container\" data-settings=\"{&quot;background_background&quot;:&quot;classic&quot;}\">\n\t\t\t\t\t<div class=\"e-con-inner\">\n\t\t\t\t<div class=\"elementor-element elementor-element-8f2ad58 elementor-widget__width-initial elementor-absolute elementor-widget elementor-widget-heading\" data-id=\"8f2ad58\" data-element_type=\"widget\" data-e-type=\"widget\" data-settings=\"{&quot;_position&quot;:&quot;absolute&quot;}\" data-widget_type=\"heading.default\">\n\t\t\t\t\t<h2 class=\"elementor-heading-title elementor-size-default\">GHDROL redefine seus limites e transformar\u00e1 seu corpo em poucas semanas\nAcesse 100% da capacidade do seu f\u00edsico\n\ne corpo, treino e voc\u00ea nunca mais ser\u00e3o os mesmos!\n\nSinta-se mais confiante, forte e tenha o f\u00edsico e performance que tanto busca de maneira r\u00e1pida!<\/h2>\t\t\t\t<\/div>\n\t\t\t\t\t<\/div>\n\t\t\t\t<\/div>\n\t\t<div class=\"elementor-element elementor-element-abb9da8 e-flex e-con-boxed e-con e-parent\" data-id=\"abb9da8\" data-element_type=\"container\" data-e-type=\"container\" data-settings=\"{&quot;background_background&quot;:&quot;classic&quot;}\">\n\t\t\t\t\t<div class=\"e-con-inner\">\n\t\t\t\t\t<\/div>\n\t\t\t\t<\/div>\n\t\t<div class=\"elementor-element elementor-element-9b7cc25 e-flex e-con-boxed e-con e-parent\" data-id=\"9b7cc25\" data-element_type=\"container\" data-e-type=\"container\" data-settings=\"{&quot;background_background&quot;:&quot;classic&quot;}\">\n\t\t\t\t\t<div class=\"e-con-inner\">\n\t\t\t\t\t<\/div>\n\t\t\t\t<\/div>\n\t\t<div class=\"elementor-element elementor-element-4ff0f0ab e-flex e-con-boxed e-con e-parent\" data-id=\"4ff0f0ab\" data-element_type=\"container\" data-e-type=\"container\" data-settings=\"{&quot;background_background&quot;:&quot;classic&quot;}\">\n\t\t\t\t\t<div class=\"e-con-inner\">\n\t\t\t\t<div class=\"elementor-element elementor-element-4ca7bad elementor-widget elementor-widget-heading\" data-id=\"4ca7bad\" data-element_type=\"widget\" data-e-type=\"widget\" data-widget_type=\"heading.default\">\n\t\t\t\t\t<h2 class=\"elementor-heading-title elementor-size-default\"><a href=\"https:\/\/app.monetizze.com.br\/r\/ASJ25743874\">Privacy Policy | Terms &amp; Conditions | Refunds | Resale Policy | Contact Us<\/a><\/h2>\t\t\t\t<\/div>\n\t\t\t\t<div class=\"elementor-element elementor-element-6403900b elementor-widget elementor-widget-heading\" data-id=\"6403900b\" data-element_type=\"widget\" data-e-type=\"widget\" data-widget_type=\"heading.default\">\n\t\t\t\t\t<h2 class=\"elementor-heading-title elementor-size-default\">All statements and results presented on this website are for informational purposes only. They are not specific medical advice for any individual. Neither the website, nor product should substitute medical advice given by a certified health professional. If you have a health problem, or you have sensible allergies, are pregnant or diagnosed with chronic conditions, it is strongly recommended that you consult your doctor immediately and before taking any pills or supplements. Individual results may vary depending on the case. Copyright \u00a9 2023. All Rights Reserved.<\/h2>\t\t\t\t<\/div>\n\t\t\t\t<div class=\"elementor-element elementor-element-3cfd558e elementor-widget elementor-widget-heading\" data-id=\"3cfd558e\" data-element_type=\"widget\" data-e-type=\"widget\" data-widget_type=\"heading.default\">\n\t\t\t\t\t<h2 class=\"elementor-heading-title elementor-size-default\"><a href=\"https:\/\/app.monetizze.com.br\/r\/ASJ25743874\">\u00a9GHdrol. All Rights Reserved.<\/a><\/h2>\t\t\t\t<\/div>\n\t\t\t\t\t<\/div>\n\t\t\t\t<\/div>\n\t\t\t\t<\/div>\n\t\t","protected":false},"excerpt":{"rendered":"<p>GlucoGen17 Vem pro Site Oficial!!! GHDROL redefine seus limites e transformar\u00e1 seu corpo em poucas semanas Acesse 100% da capacidade do seu f\u00edsico e corpo, treino e voc\u00ea nunca mais ser\u00e3o os mesmos! Sinta-se mais confiante, forte e tenha o f\u00edsico e performance que tanto busca de maneira r\u00e1pida! Privacy Policy | Terms &amp; Conditions [&hellip;]<\/p>\n","protected":false},"author":1,"featured_media":0,"parent":0,"menu_order":0,"comment_status":"closed","ping_status":"closed","template":"elementor_canvas","meta":{"footnotes":""},"class_list":["post-668","page","type-page","status-publish","hentry"],"_links":{"self":[{"href":"https:\/\/promotiosday.com\/index.php?rest_route=\/wp\/v2\/pages\/668","targetHints":{"allow":["GET"]}}],"collection":[{"href":"https:\/\/promotiosday.com\/index.php?rest_route=\/wp\/v2\/pages"}],"about":[{"href":"https:\/\/promotiosday.com\/index.php?rest_route=\/wp\/v2\/types\/page"}],"author":[{"embeddable":true,"href":"https:\/\/promotiosday.com\/index.php?rest_route=\/wp\/v2\/users\/1"}],"replies":[{"embeddable":true,"href":"https:\/\/promotiosday.com\/index.php?rest_route=%2Fwp%2Fv2%2Fcomments&post=668"}],"version-history":[{"count":10,"href":"https:\/\/promotiosday.com\/index.php?rest_route=\/wp\/v2\/pages\/668\/revisions"}],"predecessor-version":[{"id":685,"href":"https:\/\/promotiosday.com\/index.php?rest_route=\/wp\/v2\/pages\/668\/revisions\/685"}],"wp:attachment":[{"href":"https:\/\/promotiosday.com\/index.php?rest_route=%2Fwp%2Fv2%2Fmedia&parent=668"}],"curies":[{"name":"wp","href":"https:\/\/api.w.org\/{rel}","templated":true}]}}